{"id":53,"date":"2020-12-03T18:35:19","date_gmt":"2020-12-03T17:35:19","guid":{"rendered":"https:\/\/evido.at\/?page_id=53"},"modified":"2020-12-04T02:12:58","modified_gmt":"2020-12-04T01:12:58","slug":"startseite","status":"publish","type":"page","link":"https:\/\/evido.at\/","title":{"rendered":"Startseite"},"content":{"rendered":"\t\t<div data-elementor-type=\"wp-page\" data-elementor-id=\"53\" class=\"elementor elementor-53\">\n\t\t\t\t\t\t<div class=\"elementor-inner\">\n\t\t\t\t<div class=\"elementor-section-wrap\">\n\t\t\t\t\t\t\t\t\t<section class=\"elementor-section elementor-top-section elementor-element elementor-element-1bd69b6 elementor-section-boxed elementor-section-height-default elementor-section-height-default\" data-id=\"1bd69b6\" data-element_type=\"section\">\n\t\t\t\t\t\t<div class=\"elementor-container elementor-column-gap-default\">\n\t\t\t\t\t\t\t<div class=\"elementor-row\">\n\t\t\t\t\t<div class=\"elementor-column elementor-col-100 elementor-top-column elementor-element elementor-element-6b7b8d7\" data-id=\"6b7b8d7\" data-element_type=\"column\" data-settings=\"{&quot;background_background&quot;:&quot;classic&quot;}\">\n\t\t\t<div class=\"elementor-column-wrap elementor-element-populated\">\n\t\t\t\t\t\t\t<div class=\"elementor-widget-wrap\">\n\t\t\t\t\t\t<div class=\"elementor-element elementor-element-aa0979b elementor-widget elementor-widget-image-carousel\" data-id=\"aa0979b\" data-element_type=\"widget\" data-settings=\"{&quot;slides_to_show&quot;:&quot;1&quot;,&quot;slides_to_show_mobile&quot;:&quot;1&quot;,&quot;navigation&quot;:&quot;none&quot;,&quot;autoplay&quot;:&quot;yes&quot;,&quot;pause_on_hover&quot;:&quot;yes&quot;,&quot;pause_on_interaction&quot;:&quot;yes&quot;,&quot;autoplay_speed&quot;:5000,&quot;infinite&quot;:&quot;yes&quot;,&quot;effect&quot;:&quot;slide&quot;,&quot;speed&quot;:500}\" data-widget_type=\"image-carousel.default\">\n\t\t\t\t<div class=\"elementor-widget-container\">\n\t\t\t\t\t<div class=\"elementor-image-carousel-wrapper swiper-container\" dir=\"ltr\">\n\t\t\t<div class=\"elementor-image-carousel swiper-wrapper swiper-image-stretch\">\n\t\t\t\t\t\t\t\t<div class=\"swiper-slide\"><figure class=\"swiper-slide-inner\"><img class=\"swiper-slide-image\" src=\"https:\/\/evido.at\/wp-content\/uploads\/2020\/11\/evido_slider_fullwidth1.jpg\" alt=\"Hotel Garni Evido\" \/><figcaption class=\"elementor-image-carousel-caption\">Hotel Garni Evido<\/figcaption><\/figure><\/div><div class=\"swiper-slide\"><figure class=\"swiper-slide-inner\"><img class=\"swiper-slide-image\" src=\"https:\/\/evido.at\/wp-content\/uploads\/2020\/11\/evido_slider_fullwidth2.jpg\" alt=\"Salzburg City Austria\" \/><figcaption class=\"elementor-image-carousel-caption\">Salzburg City Austria<\/figcaption><\/figure><\/div><div class=\"swiper-slide\"><figure class=\"swiper-slide-inner\"><img class=\"swiper-slide-image\" src=\"https:\/\/evido.at\/wp-content\/uploads\/2020\/11\/evido_slider_fullwidth3.jpg\" alt=\"Salzburg by night\" \/><figcaption class=\"elementor-image-carousel-caption\">Salzburg by night<\/figcaption><\/figure><\/div><div class=\"swiper-slide\"><figure class=\"swiper-slide-inner\"><img class=\"swiper-slide-image\" src=\"https:\/\/evido.at\/wp-content\/uploads\/2020\/11\/evido_slider_fullwidth4.jpg\" alt=\"Old Town of Salzburg\" \/><figcaption class=\"elementor-image-carousel-caption\">Old Town of Salzburg<\/figcaption><\/figure><\/div>\t\t\t<\/div>\n\t\t\t\t\t\t\t\t\t\t\t\t\t\t\t\t<\/div>\n\t\t\t\t<\/div>\n\t\t\t\t<\/div>\n\t\t\t\t<div class=\"elementor-element elementor-element-8f7644a elementor-widget elementor-widget-bdt-advanced-divider\" data-id=\"8f7644a\" data-element_type=\"widget\" data-widget_type=\"bdt-advanced-divider.default\">\n\t\t\t\t<div class=\"elementor-widget-container\">\n\t\t\t        <div class=\"bdt-advanced-divider\" data-settings=\"{&quot;animation&quot;:true}\">\n\n\t\t\t                <img src=\"https:\/\/evido.at\/wp-content\/plugins\/bdthemes-element-pack\/assets\/images\/divider\/leaf.svg\" alt=\"advanced divider\" class=\"bdt-animation-stroke ep_square\">\n\t\t\t\n        <\/div>\n\n\t\t\t\t<\/div>\n\t\t\t\t<\/div>\n\t\t\t\t<section class=\"elementor-section elementor-inner-section elementor-element elementor-element-6339713 elementor-section-boxed elementor-section-height-default elementor-section-height-default\" data-id=\"6339713\" data-element_type=\"section\">\n\t\t\t\t\t\t<div class=\"elementor-container elementor-column-gap-default\">\n\t\t\t\t\t\t\t<div class=\"elementor-row\">\n\t\t\t\t\t<div class=\"elementor-column elementor-col-100 elementor-inner-column elementor-element elementor-element-9de3d8f\" data-id=\"9de3d8f\" data-element_type=\"column\">\n\t\t\t<div class=\"elementor-column-wrap elementor-element-populated\">\n\t\t\t\t\t\t\t<div class=\"elementor-widget-wrap\">\n\t\t\t\t\t\t<div class=\"elementor-element elementor-element-8c53529 elementor-widget elementor-widget-heading\" data-id=\"8c53529\" data-element_type=\"widget\" data-widget_type=\"heading.default\">\n\t\t\t\t<div class=\"elementor-widget-container\">\n\t\t\t<h2 class=\"elementor-heading-title elementor-size-default\">Willkommen<\/h2>\t\t<\/div>\n\t\t\t\t<\/div>\n\t\t\t\t<div class=\"elementor-element elementor-element-5592c6f elementor-widget-divider--view-line elementor-widget elementor-widget-divider\" data-id=\"5592c6f\" data-element_type=\"widget\" data-widget_type=\"divider.default\">\n\t\t\t\t<div class=\"elementor-widget-container\">\n\t\t\t\t\t<div class=\"elementor-divider\">\n\t\t\t<span class=\"elementor-divider-separator\">\n\t\t\t\t\t\t<\/span>\n\t\t<\/div>\n\t\t\t\t<\/div>\n\t\t\t\t<\/div>\n\t\t\t\t\t\t<\/div>\n\t\t\t\t\t<\/div>\n\t\t<\/div>\n\t\t\t\t\t\t\t\t<\/div>\n\t\t\t\t\t<\/div>\n\t\t<\/section>\n\t\t\t\t<section class=\"elementor-section elementor-inner-section elementor-element elementor-element-63bf298 elementor-section-boxed elementor-section-height-default elementor-section-height-default\" data-id=\"63bf298\" data-element_type=\"section\">\n\t\t\t\t\t\t<div class=\"elementor-container elementor-column-gap-default\">\n\t\t\t\t\t\t\t<div class=\"elementor-row\">\n\t\t\t\t\t<div class=\"elementor-column elementor-col-33 elementor-inner-column elementor-element elementor-element-1360989\" data-id=\"1360989\" data-element_type=\"column\">\n\t\t\t<div class=\"elementor-column-wrap elementor-element-populated\">\n\t\t\t\t\t\t\t<div class=\"elementor-widget-wrap\">\n\t\t\t\t\t\t<div class=\"elementor-element elementor-element-3f1177d elementor-widget elementor-widget-heading\" data-id=\"3f1177d\" data-element_type=\"widget\" data-widget_type=\"heading.default\">\n\t\t\t\t<div class=\"elementor-widget-container\">\n\t\t\t<h3 class=\"elementor-heading-title elementor-size-default\">Das Hotel<\/h3>\t\t<\/div>\n\t\t\t\t<\/div>\n\t\t\t\t<div class=\"elementor-element elementor-element-c1a3220 elementor-widget elementor-widget-text-editor\" data-id=\"c1a3220\" data-element_type=\"widget\" data-widget_type=\"text-editor.default\">\n\t\t\t\t<div class=\"elementor-widget-container\">\n\t\t\t\t\t\t\t\t<div class=\"elementor-text-editor elementor-clearfix\">\n\t\t\t\tVerkehrsg\u00fcnstig und zentral liegt das Hotel Garni Evido*** nur wenige Gehminuten vom Zentrum der wundersch\u00f6nen Altstadt Salzburg entfernt, nahe des Bahnhofs und dem Kongresszentrum. Nur 15 Minuten vom Flughafen entfernt. Es wurde 2008 errichtet und durch die hervorragende Lage ist es bei internationalen Touristen genauso wie Gesch\u00e4ftsreisenden sehr beliebt.\t\t\t\t\t<\/div>\n\t\t\t\t\t\t<\/div>\n\t\t\t\t<\/div>\n\t\t\t\t\t\t<\/div>\n\t\t\t\t\t<\/div>\n\t\t<\/div>\n\t\t\t\t<div class=\"elementor-column elementor-col-33 elementor-inner-column elementor-element elementor-element-eb1c373\" data-id=\"eb1c373\" data-element_type=\"column\">\n\t\t\t<div class=\"elementor-column-wrap elementor-element-populated\">\n\t\t\t\t\t\t\t<div class=\"elementor-widget-wrap\">\n\t\t\t\t\t\t<div class=\"elementor-element elementor-element-b7f9540 elementor-widget elementor-widget-heading\" data-id=\"b7f9540\" data-element_type=\"widget\" data-widget_type=\"heading.default\">\n\t\t\t\t<div class=\"elementor-widget-container\">\n\t\t\t<h3 class=\"elementor-heading-title elementor-size-default\">im Herzen Salzburg<\/h3>\t\t<\/div>\n\t\t\t\t<\/div>\n\t\t\t\t<div class=\"elementor-element elementor-element-04eebe5 elementor-widget elementor-widget-text-editor\" data-id=\"04eebe5\" data-element_type=\"widget\" data-widget_type=\"text-editor.default\">\n\t\t\t\t<div class=\"elementor-widget-container\">\n\t\t\t\t\t\t\t\t<div class=\"elementor-text-editor elementor-clearfix\">\n\t\t\t\tDas Haus selbst befindet sich in unmittelbarer N\u00e4he zum Hauptbahnhof und ist auch von der Autobahn in wenigen Minuten gut zu erreichen. Die sch\u00f6ne Salzburger Altstadt und Ihre Sehensw\u00fcrdigkeiten kann mit den \u00f6ffentlichen Verkehrsmitteln innerhalb von 10min erreicht werden. Auch zu Fu\u00df sind die meisten Orte ohne Probleme zu erkunden.\t\t\t\t\t<\/div>\n\t\t\t\t\t\t<\/div>\n\t\t\t\t<\/div>\n\t\t\t\t\t\t<\/div>\n\t\t\t\t\t<\/div>\n\t\t<\/div>\n\t\t\t\t<div class=\"elementor-column elementor-col-33 elementor-inner-column elementor-element elementor-element-50a803b\" data-id=\"50a803b\" data-element_type=\"column\">\n\t\t\t<div class=\"elementor-column-wrap elementor-element-populated\">\n\t\t\t\t\t\t\t<div class=\"elementor-widget-wrap\">\n\t\t\t\t\t\t<div class=\"elementor-element elementor-element-48cc66f elementor-widget elementor-widget-heading\" data-id=\"48cc66f\" data-element_type=\"widget\" data-widget_type=\"heading.default\">\n\t\t\t\t<div class=\"elementor-widget-container\">\n\t\t\t<h3 class=\"elementor-heading-title elementor-size-default\">Ausstattung<\/h3>\t\t<\/div>\n\t\t\t\t<\/div>\n\t\t\t\t<div class=\"elementor-element elementor-element-a8de334 elementor-widget elementor-widget-text-editor\" data-id=\"a8de334\" data-element_type=\"widget\" data-widget_type=\"text-editor.default\">\n\t\t\t\t<div class=\"elementor-widget-container\">\n\t\t\t\t\t\t\t\t<div class=\"elementor-text-editor elementor-clearfix\">\n\t\t\t\tUnsere Zimmer sind allesamt modern eingerichtet und Verf\u00fcgen \u00fcber s\u00e4mtliche Basis-Einrichtungen sowie WC\/Dusche SAT TV. Stilvoll eingerichteter Fr\u00fchst\u00fccksraum mit angenehmen Ambiente. Im gesamten Haus steht Ihnen kostenloses High Speed WLAN zur Verf\u00fcgung. Rufen Sie uns an oder reservieren Sie direkt online. Wir freuen uns auf Ihre Anfrage.\t\t\t\t\t<\/div>\n\t\t\t\t\t\t<\/div>\n\t\t\t\t<\/div>\n\t\t\t\t\t\t<\/div>\n\t\t\t\t\t<\/div>\n\t\t<\/div>\n\t\t\t\t\t\t\t\t<\/div>\n\t\t\t\t\t<\/div>\n\t\t<\/section>\n\t\t\t\t<section class=\"elementor-section elementor-inner-section elementor-element elementor-element-708eeec elementor-section-boxed elementor-section-height-default elementor-section-height-default\" data-id=\"708eeec\" data-element_type=\"section\">\n\t\t\t\t\t\t<div class=\"elementor-container elementor-column-gap-default\">\n\t\t\t\t\t\t\t<div class=\"elementor-row\">\n\t\t\t\t\t<div class=\"elementor-column elementor-col-100 elementor-inner-column elementor-element elementor-element-7574e27\" data-id=\"7574e27\" data-element_type=\"column\">\n\t\t\t<div class=\"elementor-column-wrap elementor-element-populated\">\n\t\t\t\t\t\t\t<div class=\"elementor-widget-wrap\">\n\t\t\t\t\t\t<div class=\"elementor-element elementor-element-2379edb elementor-widget elementor-widget-heading\" data-id=\"2379edb\" data-element_type=\"widget\" data-widget_type=\"heading.default\">\n\t\t\t\t<div class=\"elementor-widget-container\">\n\t\t\t<h2 class=\"elementor-heading-title elementor-size-default\">Unsere Zimmer<\/h2>\t\t<\/div>\n\t\t\t\t<\/div>\n\t\t\t\t<div class=\"elementor-element elementor-element-b8b9eba elementor-widget-divider--view-line elementor-widget elementor-widget-divider\" data-id=\"b8b9eba\" data-element_type=\"widget\" data-widget_type=\"divider.default\">\n\t\t\t\t<div class=\"elementor-widget-container\">\n\t\t\t\t\t<div class=\"elementor-divider\">\n\t\t\t<span class=\"elementor-divider-separator\">\n\t\t\t\t\t\t<\/span>\n\t\t<\/div>\n\t\t\t\t<\/div>\n\t\t\t\t<\/div>\n\t\t\t\t<div class=\"elementor-element elementor-element-46e71fa elementor-widget elementor-widget-text-editor\" data-id=\"46e71fa\" data-element_type=\"widget\" data-widget_type=\"text-editor.default\">\n\t\t\t\t<div class=\"elementor-widget-container\">\n\t\t\t\t\t\t\t\t<div class=\"elementor-text-editor elementor-clearfix\">\n\t\t\t\t<p>Sehen Sie ein <a href=\"https:\/\/www.moving-pictures.de\/v6\/evido_salzburg\/index.php\" target=\"_blank\" rel=\"noopener\">360\u00b0 Panormama Rundgang<\/a> durch unser kleines aber feines Hotel.<\/p>\t\t\t\t\t<\/div>\n\t\t\t\t\t\t<\/div>\n\t\t\t\t<\/div>\n\t\t\t\t\t\t<\/div>\n\t\t\t\t\t<\/div>\n\t\t<\/div>\n\t\t\t\t\t\t\t\t<\/div>\n\t\t\t\t\t<\/div>\n\t\t<\/section>\n\t\t\t\t<section class=\"elementor-section elementor-inner-section elementor-element elementor-element-7acbddc elementor-section-boxed elementor-section-height-default elementor-section-height-default\" data-id=\"7acbddc\" data-element_type=\"section\">\n\t\t\t\t\t\t<div class=\"elementor-container elementor-column-gap-default\">\n\t\t\t\t\t\t\t<div class=\"elementor-row\">\n\t\t\t\t\t<div class=\"elementor-column elementor-col-50 elementor-inner-column elementor-element elementor-element-9606b39\" data-id=\"9606b39\" data-element_type=\"column\">\n\t\t\t<div class=\"elementor-column-wrap elementor-element-populated\">\n\t\t\t\t\t\t\t<div class=\"elementor-widget-wrap\">\n\t\t\t\t\t\t<div class=\"elementor-element elementor-element-36733a4 elementor-widget elementor-widget-image\" data-id=\"36733a4\" data-element_type=\"widget\" data-widget_type=\"image.default\">\n\t\t\t\t<div class=\"elementor-widget-container\">\n\t\t\t\t\t\t\t\t<div class=\"elementor-image\">\n\t\t\t\t\t\t\t\t\t\t\t\t\t<a href=\"#elementor-action%3Aaction%3Dlightbox%26settings%3DeyJ1cmwiOiJodHRwczpcL1wvZXZpZG8uYXRcL3dwLWNvbnRlbnRcL3VwbG9hZHNcLzIwMjBcLzEyXC9yb29tMDRfLmpwZyIsInR5cGUiOiJpbWFnZSIsInRpdGxlIjoicm9vbTA0XyJ9\">\n\t\t\t\t\t\t\t<img width=\"800\" height=\"534\" src=\"https:\/\/evido.at\/wp-content\/uploads\/2020\/12\/room04_.jpg\" class=\"attachment-large size-large wp-image-230\" alt=\"\" loading=\"lazy\" srcset=\"https:\/\/evido.at\/wp-content\/uploads\/2020\/12\/room04_.jpg 800w, https:\/\/evido.at\/wp-content\/uploads\/2020\/12\/room04_-300x200.jpg 300w, https:\/\/evido.at\/wp-content\/uploads\/2020\/12\/room04_-768x513.jpg 768w\" sizes=\"(min-width: 960px) 75vw, 100vw\" \/>\t\t\t\t\t\t\t\t<\/a>\n\t\t\t\t\t\t\t\t\t\t\t\t\t\t<\/div>\n\t\t\t\t\t\t<\/div>\n\t\t\t\t<\/div>\n\t\t\t\t<div class=\"elementor-element elementor-element-49164e8 elementor-widget__width-initial elementor-widget-tablet__width-initial elementor-absolute elementor-hidden-tablet elementor-hidden-phone elementor-widget elementor-widget-spacer\" data-id=\"49164e8\" data-element_type=\"widget\" data-settings=\"{&quot;_position&quot;:&quot;absolute&quot;}\" data-widget_type=\"spacer.default\">\n\t\t\t\t<div class=\"elementor-widget-container\">\n\t\t\t\t\t<div class=\"elementor-spacer\">\n\t\t\t<div class=\"elementor-spacer-inner\"><\/div>\n\t\t<\/div>\n\t\t\t\t<\/div>\n\t\t\t\t<\/div>\n\t\t\t\t<div class=\"elementor-element elementor-element-c8d6932 elementor-widget elementor-widget-text-editor\" data-id=\"c8d6932\" data-element_type=\"widget\" data-widget_type=\"text-editor.default\">\n\t\t\t\t<div class=\"elementor-widget-container\">\n\t\t\t\t\t\t\t\t<div class=\"elementor-text-editor elementor-clearfix\">\n\t\t\t\t<p>Zimmer<\/p>\t\t\t\t\t<\/div>\n\t\t\t\t\t\t<\/div>\n\t\t\t\t<\/div>\n\t\t\t\t\t\t<\/div>\n\t\t\t\t\t<\/div>\n\t\t<\/div>\n\t\t\t\t<div class=\"elementor-column elementor-col-50 elementor-inner-column elementor-element elementor-element-0ba2862\" data-id=\"0ba2862\" data-element_type=\"column\">\n\t\t\t<div class=\"elementor-column-wrap elementor-element-populated\">\n\t\t\t\t\t\t\t<div class=\"elementor-widget-wrap\">\n\t\t\t\t\t\t<div class=\"elementor-element elementor-element-d665e6b elementor-widget elementor-widget-image\" data-id=\"d665e6b\" data-element_type=\"widget\" data-widget_type=\"image.default\">\n\t\t\t\t<div class=\"elementor-widget-container\">\n\t\t\t\t\t\t\t\t<div class=\"elementor-image\">\n\t\t\t\t\t\t\t\t\t\t\t\t\t<a href=\"#elementor-action%3Aaction%3Dlightbox%26settings%3DeyJ1cmwiOiJodHRwczpcL1wvZXZpZG8uYXRcL3dwLWNvbnRlbnRcL3VwbG9hZHNcLzIwMjBcLzEyXC9yb29tMDJfLmpwZyIsInR5cGUiOiJpbWFnZSIsInRpdGxlIjoicm9vbTAyXyJ9\">\n\t\t\t\t\t\t\t<img width=\"800\" height=\"534\" src=\"https:\/\/evido.at\/wp-content\/uploads\/2020\/12\/room02_.jpg\" class=\"attachment-large size-large wp-image-228\" alt=\"\" loading=\"lazy\" srcset=\"https:\/\/evido.at\/wp-content\/uploads\/2020\/12\/room02_.jpg 800w, https:\/\/evido.at\/wp-content\/uploads\/2020\/12\/room02_-300x200.jpg 300w, https:\/\/evido.at\/wp-content\/uploads\/2020\/12\/room02_-768x513.jpg 768w\" sizes=\"(min-width: 960px) 75vw, 100vw\" \/>\t\t\t\t\t\t\t\t<\/a>\n\t\t\t\t\t\t\t\t\t\t\t\t\t\t<\/div>\n\t\t\t\t\t\t<\/div>\n\t\t\t\t<\/div>\n\t\t\t\t<div class=\"elementor-element elementor-element-16c9db9 elementor-widget__width-initial elementor-widget-tablet__width-initial elementor-absolute elementor-hidden-tablet elementor-hidden-phone elementor-widget elementor-widget-spacer\" data-id=\"16c9db9\" data-element_type=\"widget\" data-settings=\"{&quot;_position&quot;:&quot;absolute&quot;}\" data-widget_type=\"spacer.default\">\n\t\t\t\t<div class=\"elementor-widget-container\">\n\t\t\t\t\t<div class=\"elementor-spacer\">\n\t\t\t<div class=\"elementor-spacer-inner\"><\/div>\n\t\t<\/div>\n\t\t\t\t<\/div>\n\t\t\t\t<\/div>\n\t\t\t\t<div class=\"elementor-element elementor-element-a35a6ec elementor-widget elementor-widget-text-editor\" data-id=\"a35a6ec\" data-element_type=\"widget\" data-widget_type=\"text-editor.default\">\n\t\t\t\t<div class=\"elementor-widget-container\">\n\t\t\t\t\t\t\t\t<div class=\"elementor-text-editor elementor-clearfix\">\n\t\t\t\t<p>Zimmer<\/p>\t\t\t\t\t<\/div>\n\t\t\t\t\t\t<\/div>\n\t\t\t\t<\/div>\n\t\t\t\t\t\t<\/div>\n\t\t\t\t\t<\/div>\n\t\t<\/div>\n\t\t\t\t\t\t\t\t<\/div>\n\t\t\t\t\t<\/div>\n\t\t<\/section>\n\t\t\t\t<section class=\"elementor-section elementor-inner-section elementor-element elementor-element-5b7a45e elementor-section-boxed elementor-section-height-default elementor-section-height-default\" data-id=\"5b7a45e\" data-element_type=\"section\">\n\t\t\t\t\t\t<div class=\"elementor-container elementor-column-gap-default\">\n\t\t\t\t\t\t\t<div class=\"elementor-row\">\n\t\t\t\t\t<div class=\"elementor-column elementor-col-33 elementor-inner-column elementor-element elementor-element-dcb2dbf\" data-id=\"dcb2dbf\" data-element_type=\"column\">\n\t\t\t<div class=\"elementor-column-wrap elementor-element-populated\">\n\t\t\t\t\t\t\t<div class=\"elementor-widget-wrap\">\n\t\t\t\t\t\t<div class=\"elementor-element elementor-element-670b923 elementor-widget elementor-widget-image\" data-id=\"670b923\" data-element_type=\"widget\" data-widget_type=\"image.default\">\n\t\t\t\t<div class=\"elementor-widget-container\">\n\t\t\t\t\t\t\t\t<div class=\"elementor-image\">\n\t\t\t\t\t\t\t\t\t\t\t\t\t<a href=\"#elementor-action%3Aaction%3Dlightbox%26settings%3DeyJ1cmwiOiJodHRwczpcL1wvZXZpZG8uYXRcL3dwLWNvbnRlbnRcL3VwbG9hZHNcLzIwMjBcLzEyXC9yb29tMDNfLmpwZyIsInR5cGUiOiJpbWFnZSIsInRpdGxlIjoicm9vbTAzXyJ9\">\n\t\t\t\t\t\t\t<img width=\"800\" height=\"534\" src=\"https:\/\/evido.at\/wp-content\/uploads\/2020\/12\/room03_.jpg\" class=\"attachment-large size-large wp-image-229\" alt=\"\" loading=\"lazy\" srcset=\"https:\/\/evido.at\/wp-content\/uploads\/2020\/12\/room03_.jpg 800w, https:\/\/evido.at\/wp-content\/uploads\/2020\/12\/room03_-300x200.jpg 300w, https:\/\/evido.at\/wp-content\/uploads\/2020\/12\/room03_-768x513.jpg 768w\" sizes=\"(min-width: 960px) 75vw, 100vw\" \/>\t\t\t\t\t\t\t\t<\/a>\n\t\t\t\t\t\t\t\t\t\t\t\t\t\t<\/div>\n\t\t\t\t\t\t<\/div>\n\t\t\t\t<\/div>\n\t\t\t\t<div class=\"elementor-element elementor-element-ba1aba0 elementor-widget__width-initial elementor-widget-tablet__width-initial elementor-absolute elementor-hidden-tablet elementor-hidden-phone elementor-widget elementor-widget-spacer\" data-id=\"ba1aba0\" data-element_type=\"widget\" data-settings=\"{&quot;_position&quot;:&quot;absolute&quot;}\" data-widget_type=\"spacer.default\">\n\t\t\t\t<div class=\"elementor-widget-container\">\n\t\t\t\t\t<div class=\"elementor-spacer\">\n\t\t\t<div class=\"elementor-spacer-inner\"><\/div>\n\t\t<\/div>\n\t\t\t\t<\/div>\n\t\t\t\t<\/div>\n\t\t\t\t<div class=\"elementor-element elementor-element-d110921 elementor-widget elementor-widget-text-editor\" data-id=\"d110921\" data-element_type=\"widget\" data-widget_type=\"text-editor.default\">\n\t\t\t\t<div class=\"elementor-widget-container\">\n\t\t\t\t\t\t\t\t<div class=\"elementor-text-editor elementor-clearfix\">\n\t\t\t\t<p>Zimmer<\/p>\t\t\t\t\t<\/div>\n\t\t\t\t\t\t<\/div>\n\t\t\t\t<\/div>\n\t\t\t\t\t\t<\/div>\n\t\t\t\t\t<\/div>\n\t\t<\/div>\n\t\t\t\t<div class=\"elementor-column elementor-col-33 elementor-inner-column elementor-element elementor-element-c227559\" data-id=\"c227559\" data-element_type=\"column\">\n\t\t\t<div class=\"elementor-column-wrap elementor-element-populated\">\n\t\t\t\t\t\t\t<div class=\"elementor-widget-wrap\">\n\t\t\t\t\t\t<div class=\"elementor-element elementor-element-67c296b elementor-widget elementor-widget-image\" data-id=\"67c296b\" data-element_type=\"widget\" data-widget_type=\"image.default\">\n\t\t\t\t<div class=\"elementor-widget-container\">\n\t\t\t\t\t\t\t\t<div class=\"elementor-image\">\n\t\t\t\t\t\t\t\t\t\t\t\t\t<a href=\"#elementor-action%3Aaction%3Dlightbox%26settings%3DeyJ1cmwiOiJodHRwczpcL1wvZXZpZG8uYXRcL3dwLWNvbnRlbnRcL3VwbG9hZHNcLzIwMjBcLzEyXC9yb29tMDFfLmpwZyIsInR5cGUiOiJpbWFnZSIsInRpdGxlIjoicm9vbTAxXyJ9\">\n\t\t\t\t\t\t\t<img width=\"800\" height=\"534\" src=\"https:\/\/evido.at\/wp-content\/uploads\/2020\/12\/room01_.jpg\" class=\"attachment-large size-large wp-image-227\" alt=\"\" loading=\"lazy\" srcset=\"https:\/\/evido.at\/wp-content\/uploads\/2020\/12\/room01_.jpg 800w, https:\/\/evido.at\/wp-content\/uploads\/2020\/12\/room01_-300x200.jpg 300w, https:\/\/evido.at\/wp-content\/uploads\/2020\/12\/room01_-768x513.jpg 768w\" sizes=\"(min-width: 960px) 75vw, 100vw\" \/>\t\t\t\t\t\t\t\t<\/a>\n\t\t\t\t\t\t\t\t\t\t\t\t\t\t<\/div>\n\t\t\t\t\t\t<\/div>\n\t\t\t\t<\/div>\n\t\t\t\t<div class=\"elementor-element elementor-element-66325d8 elementor-widget__width-initial elementor-widget-tablet__width-initial elementor-absolute elementor-hidden-tablet elementor-hidden-phone elementor-widget elementor-widget-spacer\" data-id=\"66325d8\" data-element_type=\"widget\" data-settings=\"{&quot;_position&quot;:&quot;absolute&quot;}\" data-widget_type=\"spacer.default\">\n\t\t\t\t<div class=\"elementor-widget-container\">\n\t\t\t\t\t<div class=\"elementor-spacer\">\n\t\t\t<div class=\"elementor-spacer-inner\"><\/div>\n\t\t<\/div>\n\t\t\t\t<\/div>\n\t\t\t\t<\/div>\n\t\t\t\t<div class=\"elementor-element elementor-element-f1ade3e elementor-widget elementor-widget-text-editor\" data-id=\"f1ade3e\" data-element_type=\"widget\" data-widget_type=\"text-editor.default\">\n\t\t\t\t<div class=\"elementor-widget-container\">\n\t\t\t\t\t\t\t\t<div class=\"elementor-text-editor elementor-clearfix\">\n\t\t\t\t<p>Zimmer<\/p>\t\t\t\t\t<\/div>\n\t\t\t\t\t\t<\/div>\n\t\t\t\t<\/div>\n\t\t\t\t\t\t<\/div>\n\t\t\t\t\t<\/div>\n\t\t<\/div>\n\t\t\t\t<div class=\"elementor-column elementor-col-33 elementor-inner-column elementor-element elementor-element-f3dcdf7\" data-id=\"f3dcdf7\" data-element_type=\"column\">\n\t\t\t<div class=\"elementor-column-wrap elementor-element-populated\">\n\t\t\t\t\t\t\t<div class=\"elementor-widget-wrap\">\n\t\t\t\t\t\t<div class=\"elementor-element elementor-element-a4c1259 elementor-widget elementor-widget-image\" data-id=\"a4c1259\" data-element_type=\"widget\" data-widget_type=\"image.default\">\n\t\t\t\t<div class=\"elementor-widget-container\">\n\t\t\t\t\t\t\t\t<div class=\"elementor-image\">\n\t\t\t\t\t\t\t\t\t\t\t\t\t<a href=\"#elementor-action%3Aaction%3Dlightbox%26settings%3DeyJ1cmwiOiJodHRwczpcL1wvZXZpZG8uYXRcL3dwLWNvbnRlbnRcL3VwbG9hZHNcLzIwMjBcLzEyXC9iYWRfLmpwZyIsInR5cGUiOiJpbWFnZSIsInRpdGxlIjoiYmFkXyJ9\">\n\t\t\t\t\t\t\t<img width=\"401\" height=\"600\" src=\"https:\/\/evido.at\/wp-content\/uploads\/2020\/12\/bad_.jpg\" class=\"attachment-large size-large wp-image-226\" alt=\"\" loading=\"lazy\" srcset=\"https:\/\/evido.at\/wp-content\/uploads\/2020\/12\/bad_.jpg 401w, https:\/\/evido.at\/wp-content\/uploads\/2020\/12\/bad_-201x300.jpg 201w\" sizes=\"(min-width: 960px) 75vw, 100vw\" \/>\t\t\t\t\t\t\t\t<\/a>\n\t\t\t\t\t\t\t\t\t\t\t\t\t\t<\/div>\n\t\t\t\t\t\t<\/div>\n\t\t\t\t<\/div>\n\t\t\t\t<div class=\"elementor-element elementor-element-5bbf801 elementor-widget__width-initial elementor-widget-tablet__width-initial elementor-absolute elementor-hidden-tablet elementor-hidden-phone elementor-widget elementor-widget-spacer\" data-id=\"5bbf801\" data-element_type=\"widget\" data-settings=\"{&quot;_position&quot;:&quot;absolute&quot;}\" data-widget_type=\"spacer.default\">\n\t\t\t\t<div class=\"elementor-widget-container\">\n\t\t\t\t\t<div class=\"elementor-spacer\">\n\t\t\t<div class=\"elementor-spacer-inner\"><\/div>\n\t\t<\/div>\n\t\t\t\t<\/div>\n\t\t\t\t<\/div>\n\t\t\t\t<div class=\"elementor-element elementor-element-f328201 elementor-widget elementor-widget-text-editor\" data-id=\"f328201\" data-element_type=\"widget\" data-widget_type=\"text-editor.default\">\n\t\t\t\t<div class=\"elementor-widget-container\">\n\t\t\t\t\t\t\t\t<div class=\"elementor-text-editor elementor-clearfix\">\n\t\t\t\t<p>Bad<\/p>\t\t\t\t\t<\/div>\n\t\t\t\t\t\t<\/div>\n\t\t\t\t<\/div>\n\t\t\t\t\t\t<\/div>\n\t\t\t\t\t<\/div>\n\t\t<\/div>\n\t\t\t\t\t\t\t\t<\/div>\n\t\t\t\t\t<\/div>\n\t\t<\/section>\n\t\t\t\t\t\t<\/div>\n\t\t\t\t\t<\/div>\n\t\t<\/div>\n\t\t\t\t\t\t\t\t<\/div>\n\t\t\t\t\t<\/div>\n\t\t<\/section>\n\t\t\t\t\t\t\t\t\t<\/div>\n\t\t\t<\/div>\n\t\t\t\t\t<\/div>\n\t\t","protected":false},"excerpt":{"rendered":"<p>Hotel Garni Evido Salzburg City Austria Salzburg by night Old Town of Salzburg Willkommen Das Hotel Verkehrsg\u00fcnstig und zentral liegt das Hotel Garni Evido*** nur wenige Gehminuten vom Zentrum der&#8230;<\/p>\n","protected":false},"author":2,"featured_media":0,"parent":0,"menu_order":0,"comment_status":"closed","ping_status":"closed","template":"elementor_header_footer","meta":[],"_links":{"self":[{"href":"https:\/\/evido.at\/index.php\/wp-json\/wp\/v2\/pages\/53"}],"collection":[{"href":"https:\/\/evido.at\/index.php\/wp-json\/wp\/v2\/pages"}],"about":[{"href":"https:\/\/evido.at\/index.php\/wp-json\/wp\/v2\/types\/page"}],"author":[{"embeddable":true,"href":"https:\/\/evido.at\/index.php\/wp-json\/wp\/v2\/users\/2"}],"replies":[{"embeddable":true,"href":"https:\/\/evido.at\/index.php\/wp-json\/wp\/v2\/comments?post=53"}],"version-history":[{"count":154,"href":"https:\/\/evido.at\/index.php\/wp-json\/wp\/v2\/pages\/53\/revisions"}],"predecessor-version":[{"id":368,"href":"https:\/\/evido.at\/index.php\/wp-json\/wp\/v2\/pages\/53\/revisions\/368"}],"wp:attachment":[{"href":"https:\/\/evido.at\/index.php\/wp-json\/wp\/v2\/media?parent=53"}],"curies":[{"name":"wp","href":"https:\/\/api.w.org\/{rel}","templated":true}]}}