{"id":65,"date":"2020-12-03T18:41:56","date_gmt":"2020-12-03T17:41:56","guid":{"rendered":"https:\/\/evido.at\/?page_id=65"},"modified":"2020-12-04T02:43:24","modified_gmt":"2020-12-04T01:43:24","slug":"sehenswurdigkeiten","status":"publish","type":"page","link":"https:\/\/evido.at\/index.php\/sehenswurdigkeiten\/","title":{"rendered":"Sehensw\u00fcrdigkeiten"},"content":{"rendered":"\t\t<div data-elementor-type=\"wp-page\" data-elementor-id=\"65\" class=\"elementor elementor-65\">\n\t\t\t\t\t\t<div class=\"elementor-inner\">\n\t\t\t\t<div class=\"elementor-section-wrap\">\n\t\t\t\t\t\t\t\t\t<section class=\"elementor-section elementor-top-section elementor-element elementor-element-814a2ad elementor-section-boxed elementor-section-height-default elementor-section-height-default\" data-id=\"814a2ad\" data-element_type=\"section\">\n\t\t\t\t\t\t<div class=\"elementor-container elementor-column-gap-default\">\n\t\t\t\t\t\t\t<div class=\"elementor-row\">\n\t\t\t\t\t<div class=\"elementor-column elementor-col-100 elementor-top-column elementor-element elementor-element-79a6f94\" data-id=\"79a6f94\" data-element_type=\"column\" data-settings=\"{&quot;background_background&quot;:&quot;classic&quot;}\">\n\t\t\t<div class=\"elementor-column-wrap elementor-element-populated\">\n\t\t\t\t\t\t\t<div class=\"elementor-widget-wrap\">\n\t\t\t\t\t\t<div class=\"elementor-element elementor-element-b023349 elementor-widget elementor-widget-image-carousel\" data-id=\"b023349\" data-element_type=\"widget\" data-settings=\"{&quot;slides_to_show&quot;:&quot;1&quot;,&quot;slides_to_show_mobile&quot;:&quot;1&quot;,&quot;navigation&quot;:&quot;none&quot;,&quot;autoplay&quot;:&quot;yes&quot;,&quot;pause_on_hover&quot;:&quot;yes&quot;,&quot;pause_on_interaction&quot;:&quot;yes&quot;,&quot;autoplay_speed&quot;:5000,&quot;infinite&quot;:&quot;yes&quot;,&quot;effect&quot;:&quot;slide&quot;,&quot;speed&quot;:500}\" data-widget_type=\"image-carousel.default\">\n\t\t\t\t<div class=\"elementor-widget-container\">\n\t\t\t\t\t<div class=\"elementor-image-carousel-wrapper swiper-container\" dir=\"ltr\">\n\t\t\t<div class=\"elementor-image-carousel swiper-wrapper swiper-image-stretch\">\n\t\t\t\t\t\t\t\t<div class=\"swiper-slide\"><figure class=\"swiper-slide-inner\"><img class=\"swiper-slide-image\" src=\"https:\/\/evido.at\/wp-content\/uploads\/elementor\/thumbs\/003-1-1024x683-1-pokaf18pf75o1n4h7cqr2jyen1cn0jjmgefxiexluw.jpg\" alt=\"003-1-1024x683\" \/><\/figure><\/div><div class=\"swiper-slide\"><figure class=\"swiper-slide-inner\"><img class=\"swiper-slide-image\" src=\"https:\/\/evido.at\/wp-content\/uploads\/elementor\/thumbs\/0206_kapitelplatz_008-scaled-pokaf18pf75o1n4h7cqr2jyen1cn0jjmgefxiexluw.jpg\" alt=\"Kapitelplatz mit Festungsblick\" \/><\/figure><\/div><div class=\"swiper-slide\"><figure class=\"swiper-slide-inner\"><img class=\"swiper-slide-image\" src=\"https:\/\/evido.at\/wp-content\/uploads\/elementor\/thumbs\/0204_hellbrunn_014-scaled-pokaf18pf75o1n4h7cqr2jyen1cn0jjmgefxiexluw.jpg\" alt=\"Die Wasserspiele in Hellbrunn. Der F\u00fcrstentisch und im Hintergrund das Lustschloss.\" \/><figcaption class=\"elementor-image-carousel-caption\">Die Wasserspiele in Hellbrunn. Der F\u00fcrstentisch und im Hintergrund das Lustschloss.<\/figcaption><\/figure><\/div><div class=\"swiper-slide\"><figure class=\"swiper-slide-inner\"><img class=\"swiper-slide-image\" src=\"https:\/\/evido.at\/wp-content\/uploads\/elementor\/thumbs\/0201_sbg-stadtansicht_083-scaled-pokaf18pf75o1n4h7cqr2jyen1cn0jjmgefxiexluw.jpg\" alt=\"Sehensw\u00fcrdigkeiten Salzburg, Blick vom M\u00f6nchsber auf die Festung Hohensalzburg und auf die Salzburger Altstadt\" \/><figcaption class=\"elementor-image-carousel-caption\">Sehensw\u00fcrdigkeiten Salzburg, Blick vom M\u00f6nchsber auf die Festung Hohensalzburg und auf die Salzburger Altstadt<\/figcaption><\/figure><\/div><div class=\"swiper-slide\"><figure class=\"swiper-slide-inner\"><img class=\"swiper-slide-image\" src=\"https:\/\/evido.at\/wp-content\/uploads\/elementor\/thumbs\/0201_sbg-stadtansicht_059-scaled-pokaf18pf75o1n4h7cqr2jyen1cn0jjmgefxiexluw.jpg\" alt=\"Verschneiter Mozartsteg mit Altstadt und Festung Hohensalzburg.\nMozart bridge in winter with view to the historic city center of Salzburg.\" \/><figcaption class=\"elementor-image-carousel-caption\">Verschneiter Mozartsteg mit Altstadt und Festung Hohensalzburg.\nMozart bridge in winter with view to the historic city center of Salzburg.<\/figcaption><\/figure><\/div>\t\t\t<\/div>\n\t\t\t\t\t\t\t\t\t\t\t\t\t\t\t\t<\/div>\n\t\t\t\t<\/div>\n\t\t\t\t<\/div>\n\t\t\t\t<section class=\"elementor-section elementor-inner-section elementor-element elementor-element-1ef1027 elementor-section-boxed elementor-section-height-default elementor-section-height-default\" data-id=\"1ef1027\" data-element_type=\"section\">\n\t\t\t\t\t\t<div class=\"elementor-container elementor-column-gap-default\">\n\t\t\t\t\t\t\t<div class=\"elementor-row\">\n\t\t\t\t\t<div class=\"elementor-column elementor-col-100 elementor-inner-column elementor-element elementor-element-e6f18cd\" data-id=\"e6f18cd\" data-element_type=\"column\">\n\t\t\t<div class=\"elementor-column-wrap elementor-element-populated\">\n\t\t\t\t\t\t\t<div class=\"elementor-widget-wrap\">\n\t\t\t\t\t\t<div class=\"elementor-element elementor-element-7112491 elementor-widget elementor-widget-heading\" data-id=\"7112491\" data-element_type=\"widget\" data-widget_type=\"heading.default\">\n\t\t\t\t<div class=\"elementor-widget-container\">\n\t\t\t<h2 class=\"elementor-heading-title elementor-size-default\">Sehensw\u00fcrdigkeiten<\/h2>\t\t<\/div>\n\t\t\t\t<\/div>\n\t\t\t\t<div class=\"elementor-element elementor-element-9604420 elementor-widget-divider--view-line elementor-widget elementor-widget-divider\" data-id=\"9604420\" data-element_type=\"widget\" data-widget_type=\"divider.default\">\n\t\t\t\t<div class=\"elementor-widget-container\">\n\t\t\t\t\t<div class=\"elementor-divider\">\n\t\t\t<span class=\"elementor-divider-separator\">\n\t\t\t\t\t\t<\/span>\n\t\t<\/div>\n\t\t\t\t<\/div>\n\t\t\t\t<\/div>\n\t\t\t\t\t\t<\/div>\n\t\t\t\t\t<\/div>\n\t\t<\/div>\n\t\t\t\t\t\t\t\t<\/div>\n\t\t\t\t\t<\/div>\n\t\t<\/section>\n\t\t\t\t<section class=\"elementor-section elementor-inner-section elementor-element elementor-element-a0d6e88 elementor-section-boxed elementor-section-height-default elementor-section-height-default\" data-id=\"a0d6e88\" data-element_type=\"section\">\n\t\t\t\t\t\t<div class=\"elementor-container elementor-column-gap-default\">\n\t\t\t\t\t\t\t<div class=\"elementor-row\">\n\t\t\t\t\t<div class=\"elementor-column elementor-col-100 elementor-inner-column elementor-element elementor-element-f52dc38\" data-id=\"f52dc38\" data-element_type=\"column\">\n\t\t\t<div class=\"elementor-column-wrap elementor-element-populated\">\n\t\t\t\t\t\t\t<div class=\"elementor-widget-wrap\">\n\t\t\t\t\t\t<div class=\"elementor-element elementor-element-a25129e elementor-widget elementor-widget-heading\" data-id=\"a25129e\" data-element_type=\"widget\" data-widget_type=\"heading.default\">\n\t\t\t\t<div class=\"elementor-widget-container\">\n\t\t\t<h3 class=\"elementor-heading-title elementor-size-default\">Hier ein kleiner Auszug von Sehensw\u00fcrdigkeiten und deren Entfernung:<\/h3>\t\t<\/div>\n\t\t\t\t<\/div>\n\t\t\t\t\t\t<\/div>\n\t\t\t\t\t<\/div>\n\t\t<\/div>\n\t\t\t\t\t\t\t\t<\/div>\n\t\t\t\t\t<\/div>\n\t\t<\/section>\n\t\t\t\t<section class=\"elementor-section elementor-inner-section elementor-element elementor-element-4705d1a elementor-section-boxed elementor-section-height-default elementor-section-height-default\" data-id=\"4705d1a\" data-element_type=\"section\">\n\t\t\t\t\t\t<div class=\"elementor-container elementor-column-gap-default\">\n\t\t\t\t\t\t\t<div class=\"elementor-row\">\n\t\t\t\t\t<div class=\"elementor-column elementor-col-100 elementor-inner-column elementor-element elementor-element-8c88898\" data-id=\"8c88898\" data-element_type=\"column\">\n\t\t\t<div class=\"elementor-column-wrap elementor-element-populated\">\n\t\t\t\t\t\t\t<div class=\"elementor-widget-wrap\">\n\t\t\t\t\t\t<div class=\"elementor-element elementor-element-0b367a0 elementor-widget elementor-widget-text-editor\" data-id=\"0b367a0\" data-element_type=\"widget\" data-widget_type=\"text-editor.default\">\n\t\t\t\t<div class=\"elementor-widget-container\">\n\t\t\t\t\t\t\t\t<div class=\"elementor-text-editor elementor-clearfix\">\n\t\t\t\t<p>Salzburger Altstadt (700m)<br \/>Geburtshaus Wolfgang Amadeus Mozart (1 km)<br \/>Festung Hohensalzburg (3,6 km)<br \/>Salzburger Festspielhaus (3,4 km)<br \/>Dom zu Salzburg (3,5 km)<br \/>Schloss Hellbrunn &amp; Wasserspiele (7,8 km)<br \/>Schloss Mirabell (1,4 km)<br \/>Museum Salzburg (3,0 km)<br \/>Museum der Moderne Salzburg M\u00f6nchsberg (3,9 km)<br \/>Haus der Natur (3 km)<br \/>Residenz Salzburg (2,9 km)<br \/>Hangar-7 (4,2 km)<br \/>Freilichtmuseum (10,4 km)<br \/>Stift Nonnberg (3,3 km)<br \/>Stiegl-Brauwelt (4,6 km)<br \/>Wallfahrtskirche Maria Plain (4,7 km)<br \/>Schloss Klessheim mit Casino (7,0 km)<br \/>Zoo Salzburg (6,8 km)<br \/>Salzbergwerk Berchtesgaden (24,2 km)<br \/>Gut Aiderbichl in Hof bei Salzburg (19 km)<br \/>Burg Hohenwerfen (44,7 km)<br \/>Fuschl am See (22,3 km)<br \/>St. Wolfgang (30,4 km)<br \/>Bad Ischl (52,2 km)<\/p>\t\t\t\t\t<\/div>\n\t\t\t\t\t\t<\/div>\n\t\t\t\t<\/div>\n\t\t\t\t\t\t<\/div>\n\t\t\t\t\t<\/div>\n\t\t<\/div>\n\t\t\t\t\t\t\t\t<\/div>\n\t\t\t\t\t<\/div>\n\t\t<\/section>\n\t\t\t\t\t\t<\/div>\n\t\t\t\t\t<\/div>\n\t\t<\/div>\n\t\t\t\t\t\t\t\t<\/div>\n\t\t\t\t\t<\/div>\n\t\t<\/section>\n\t\t\t\t\t\t\t\t\t<\/div>\n\t\t\t<\/div>\n\t\t\t\t\t<\/div>\n\t\t","protected":false},"excerpt":{"rendered":"<p>Die Wasserspiele in Hellbrunn. Der F\u00fcrstentisch und im Hintergrund das Lustschloss. Sehensw\u00fcrdigkeiten Salzburg, Blick vom M\u00f6nchsber auf die Festung Hohensalzburg und auf die Salzburger Altstadt Verschneiter Mozartsteg mit Altstadt und&#8230;<\/p>\n","protected":false},"author":2,"featured_media":0,"parent":0,"menu_order":0,"comment_status":"closed","ping_status":"closed","template":"elementor_header_footer","meta":[],"_links":{"self":[{"href":"https:\/\/evido.at\/index.php\/wp-json\/wp\/v2\/pages\/65"}],"collection":[{"href":"https:\/\/evido.at\/index.php\/wp-json\/wp\/v2\/pages"}],"about":[{"href":"https:\/\/evido.at\/index.php\/wp-json\/wp\/v2\/types\/page"}],"author":[{"embeddable":true,"href":"https:\/\/evido.at\/index.php\/wp-json\/wp\/v2\/users\/2"}],"replies":[{"embeddable":true,"href":"https:\/\/evido.at\/index.php\/wp-json\/wp\/v2\/comments?post=65"}],"version-history":[{"count":22,"href":"https:\/\/evido.at\/index.php\/wp-json\/wp\/v2\/pages\/65\/revisions"}],"predecessor-version":[{"id":451,"href":"https:\/\/evido.at\/index.php\/wp-json\/wp\/v2\/pages\/65\/revisions\/451"}],"wp:attachment":[{"href":"https:\/\/evido.at\/index.php\/wp-json\/wp\/v2\/media?parent=65"}],"curies":[{"name":"wp","href":"https:\/\/api.w.org\/{rel}","templated":true}]}}